{"id":47,"date":"2022-11-16T10:22:17","date_gmt":"2022-11-16T10:22:17","guid":{"rendered":"http:\/\/veranstaltungstechnikwaldegger.de\/?page_id=47"},"modified":"2025-07-04T08:47:17","modified_gmt":"2025-07-04T08:47:17","slug":"startseite","status":"publish","type":"page","link":"http:\/\/veranstaltungstechnikwaldegger.de\/","title":{"rendered":"Startseite"},"content":{"rendered":"\n<h1 class=\"wp-block-heading\">Herzlich Willkommen&nbsp;<\/h1>\n\n\n\n<p><\/p>\n\n\n\n<p>auf der Internetpr\u00e4senz der Firma Veranstaltungstechnik Waldegger&nbsp;Wir sind&nbsp;ein Unternehmen f\u00fcr Ihre &#8222;kleine\u201c&nbsp;Gro\u00dfveranstaltung;&nbsp;fokussiert auf den&nbsp;Verleih von technischem Equipment, Backline wie auch die technische Durchf\u00fchrung.Ob Geburtstag, Polterabend, Hochzeit, Strassenfeste oder Firmenevent,&nbsp;wir statten Sie aus mit dem, was Sie brauchen.Egal ob &#8222;nur&#8220; technisches Equipment ben\u00f6tigt wird oder aber die ganze Feier&nbsp;geplant und durchgef\u00fchrt werden soll, bei uns sind Sie an der richtigen Stelle.&nbsp;Von Vermietartikel \u00fcber Backline bis hin zu einzelnen Programmpunkten, bei uns bekommen Sie das,&nbsp;was Ihr Fest sch\u00f6ner werden l\u00e4sst.&nbsp;Gerne unterbreiten wir Ihnen ein individuelles Angebot, ganz auf Sie pers\u00f6nlich zugeschnitten.Wir freuen uns auf Ihre Anfrage. Und nun viel Spa\u00df auf der Homepage von Veranstaltungstechnik Waldegger.&nbsp;<\/p>\n\n\n\n<p><br><br><\/p>\n\n\n<div class=\"wp-block-image\">\n<figure class=\"aligncenter size-full is-resized\"><img loading=\"lazy\" decoding=\"async\" width=\"1024\" height=\"1024\" src=\"http:\/\/veranstaltungstechnikwaldegger.de\/wp-content\/uploads\/2025\/07\/PNG-1.png\" alt=\"\" class=\"wp-image-149\" style=\"aspect-ratio:0.75;object-fit:cover;width:179px;height:auto\" srcset=\"http:\/\/veranstaltungstechnikwaldegger.de\/wp-content\/uploads\/2025\/07\/PNG-1.png 1024w, http:\/\/veranstaltungstechnikwaldegger.de\/wp-content\/uploads\/2025\/07\/PNG-1-300x300.png 300w, http:\/\/veranstaltungstechnikwaldegger.de\/wp-content\/uploads\/2025\/07\/PNG-1-150x150.png 150w, http:\/\/veranstaltungstechnikwaldegger.de\/wp-content\/uploads\/2025\/07\/PNG-1-768x768.png 768w\" sizes=\"auto, (max-width: 1024px) 100vw, 1024px\" \/><\/figure>\n<\/div>","protected":false},"excerpt":{"rendered":"<p>Herzlich Willkommen&nbsp; auf der Internetpr\u00e4senz der Firma Veranstaltungstechnik Waldegger&nbsp;Wir sind&nbsp;ein Unternehmen f\u00fcr Ihre &#8222;kleine\u201c&nbsp;Gro\u00dfveranstaltung;&nbsp;fokussiert auf den&nbsp;Verleih von technischem Equipment, Backline wie auch die technische Durchf\u00fchrung.Ob Geburtstag, Polterabend, Hochzeit, Strassenfeste oder Firmenevent,&nbsp;wir statten Sie aus mit dem, was Sie brauchen.Egal ob &#8222;nur&#8220; technisches Equipment ben\u00f6tigt wird oder aber die ganze Feier&nbsp;geplant und durchgef\u00fchrt werden soll, bei [&hellip;]<\/p>\n","protected":false},"author":1,"featured_media":0,"parent":0,"menu_order":0,"comment_status":"closed","ping_status":"closed","template":"","meta":{"footnotes":""},"class_list":["post-47","page","type-page","status-publish","hentry"],"_links":{"self":[{"href":"http:\/\/veranstaltungstechnikwaldegger.de\/index.php?rest_route=\/wp\/v2\/pages\/47","targetHints":{"allow":["GET"]}}],"collection":[{"href":"http:\/\/veranstaltungstechnikwaldegger.de\/index.php?rest_route=\/wp\/v2\/pages"}],"about":[{"href":"http:\/\/veranstaltungstechnikwaldegger.de\/index.php?rest_route=\/wp\/v2\/types\/page"}],"author":[{"embeddable":true,"href":"http:\/\/veranstaltungstechnikwaldegger.de\/index.php?rest_route=\/wp\/v2\/users\/1"}],"replies":[{"embeddable":true,"href":"http:\/\/veranstaltungstechnikwaldegger.de\/index.php?rest_route=%2Fwp%2Fv2%2Fcomments&post=47"}],"version-history":[{"count":8,"href":"http:\/\/veranstaltungstechnikwaldegger.de\/index.php?rest_route=\/wp\/v2\/pages\/47\/revisions"}],"predecessor-version":[{"id":152,"href":"http:\/\/veranstaltungstechnikwaldegger.de\/index.php?rest_route=\/wp\/v2\/pages\/47\/revisions\/152"}],"wp:attachment":[{"href":"http:\/\/veranstaltungstechnikwaldegger.de\/index.php?rest_route=%2Fwp%2Fv2%2Fmedia&parent=47"}],"curies":[{"name":"wp","href":"https:\/\/api.w.org\/{rel}","templated":true}]}}